{"id":120,"date":"2023-12-04T21:56:13","date_gmt":"2023-12-04T21:56:13","guid":{"rendered":"http:\/\/balloonsbloom.ca\/?page_id=120"},"modified":"2023-12-14T16:48:48","modified_gmt":"2023-12-14T16:48:48","slug":"about-us","status":"publish","type":"page","link":"http:\/\/balloonsbloom.ca\/fr\/about-us\/","title":{"rendered":"About US"},"content":{"rendered":"<div class=\"wpb-content-wrapper\"><section data-vc-full-width=\"true\" data-vc-full-width-init=\"false\" class=\"vc_section about_page vc_custom_1702401232093\"><div class=\"vc_row wpb_row vc_row-fluid\"><div class=\"wpb_column vc_column_container vc_col-sm-12\"><div class=\"vc_column-inner\"><div class=\"wpb_wrapper\"><h1 style=\"text-align: center\" class=\"vc_custom_heading wpb_animate_when_almost_visible wpb_bounceIn bounceIn vc_custom_1702401188885\" >\u00c0 Propos<\/h1><div class=\"vc_row wpb_row vc_inner vc_row-fluid about_raw\"><div class=\"wpb_column vc_column_container vc_col-sm-6\"><div class=\"vc_column-inner\"><div class=\"wpb_wrapper\">\n\t<div class=\"wpb_text_column wpb_content_element\" >\n\t\t<div class=\"wpb_wrapper\">\n\t\t\t<p>Balloons Bloom est bien plus qu'une entreprise ; c'est une histoire de passion, de d\u00e9couverte et du \nmonde enchanteur de l'art des ballons.<\/p>\n\n\t\t<\/div>\n\t<\/div>\n<\/div><\/div><\/div><div class=\"wpb_column vc_column_container vc_col-sm-6\"><div class=\"vc_column-inner\"><div class=\"wpb_wrapper\">\n\t<div  class=\"wpb_single_image wpb_content_element vc_align_left\">\n\t\t\n\t\t<figure class=\"wpb_wrapper vc_figure\">\n\t\t\t<div class=\"vc_single_image-wrapper   vc_box_border_grey\"><img loading=\"lazy\" decoding=\"async\" width=\"690\" height=\"428\" src=\"https:\/\/balloonsbloom.ca\/wp-content\/uploads\/2023\/12\/Group-9257.jpg\" class=\"vc_single_image-img attachment-full\" alt=\"\" title=\"Group 9257\" \/><\/div>\n\t\t<\/figure>\n\t<\/div>\n<\/div><\/div><\/div><\/div><\/div><\/div><\/div><\/div><\/section><div class=\"vc_row-full-width vc_clearfix\"><\/div><section data-vc-full-width=\"true\" data-vc-full-width-init=\"false\" class=\"vc_section about-sec vc_custom_1702401225526\"><div class=\"vc_row wpb_row vc_row-fluid\"><div class=\"wpb_column vc_column_container vc_col-sm-12\"><div class=\"vc_column-inner\"><div class=\"wpb_wrapper\"><h2 style=\"text-align: left\" class=\"vc_custom_heading\" >Notre Histoire<\/h2>\n\t<div class=\"wpb_text_column wpb_content_element\" >\n\t\t<div class=\"wpb_wrapper\">\n\t\t\t<p>Balloons Bloom est bien plus qu'une entreprise ; c'est une histoire de passion,<br \/>\nde d\u00e9couverte et du \nmonde enchanteur de l'art des ballons.<\/p>\n<p>Notre parcours a d\u00e9but\u00e9 en 2023 lorsque Naela, le c\u0153ur et l'\u00e2me derri\u00e8re Balloons Bloom,<br \/>\na d\u00e9couvert \nle monde captivant du design de ballons.<br \/>\nCe qui a commenc\u00e9 comme une fascination s'est rapidement \ntransform\u00e9 en une passion profonde pour transformer des espaces ordinaires en royaumes \nextraordinaires et whimsiques avec la simple magie<br \/>\ndes ballons.<\/p>\n<p>La d\u00e9couverte de Naela a conduit \u00e0 la cr\u00e9ation de Balloons Bloom, une entreprise fond\u00e9e sur la \nconviction que chaque moment, grand ou petit,<br \/>\nm\u00e9rite d'\u00eatre orn\u00e9 de joie et de couleurs. C'\u00e9tait la \nr\u00e9alisation que l'art des ballons pouvait \u00e9lever n'importe quelle c\u00e9l\u00e9bration,<br \/>\nla rendant vraiment \nm\u00e9morable.<\/p>\n<p>Anim\u00e9s par cette vision, Balloons Bloom s'est lanc\u00e9 dans une mission pour apporter bonheur, cr\u00e9ativit\u00e9 \net une touche de magie \u00e0 tous types d'\u00e9v\u00e9nements.<br \/>\nDes mariages aux anniversaires, des \nrassemblements d'entreprise aux moments intimes,<br \/>\nnos designs de ballons visent \u00e0 insuffler \u00e0 chaque \noccasion un charme unique qui persiste dans le c\u0153ur de<br \/>\nceux qui le vivent.<\/p>\n<p>Ce qui nous distingue n'est pas seulement l'art que nous cr\u00e9ons, mais aussi notre engagement envers la \nqualit\u00e9, la cr\u00e9ativit\u00e9 et le service personnalis\u00e9.<br \/>\nNous mettons tout notre c\u0153ur dans chaque design de \nballon, veillant \u00e0 ce qu'il refl\u00e8te l'individualit\u00e9 de<br \/>\nnos clients et l'essence de leurs c\u00e9l\u00e9brations.<\/p>\n<p>Alors que nous continuons \u00e0 grandir et \u00e0 \u00e9voluer, notre engagement reste inchang\u00e9 :<br \/>\ntransformer les \nmoments en souvenirs, un ballon \u00e0 la fois. Balloons Bloom est bien plus qu'une entreprise ; c'est une \nc\u00e9l\u00e9bration<br \/>\nde la joie que les ballons peuvent apporter, et nous sommes ravis de faire partie de vos \nmoments sp\u00e9ciaux.<\/p>\n\n\t\t<\/div>\n\t<\/div>\n<\/div><\/div><\/div><\/div><\/section><div class=\"vc_row-full-width vc_clearfix\"><\/div>\n<\/div>","protected":false},"excerpt":{"rendered":"About Us Welcome to Balloons Bloom, where creativity takes flight and celebrations come to life! We are passionate about transforming events into unforgettable experiences through the artistry of balloons. Our Story Balloons Bloom is more than just a business; it's a story of passion, discovery, and the enchanting world of balloon artistry. Our journey began [...]","protected":false},"author":1,"featured_media":0,"parent":0,"menu_order":0,"comment_status":"closed","ping_status":"closed","template":"fullwidth.php","meta":{"_acf_changed":false,"footnotes":""},"class_list":["post-120","page","type-page","status-publish","hentry"],"acf":[],"_links":{"self":[{"href":"http:\/\/balloonsbloom.ca\/fr\/wp-json\/wp\/v2\/pages\/120","targetHints":{"allow":["GET"]}}],"collection":[{"href":"http:\/\/balloonsbloom.ca\/fr\/wp-json\/wp\/v2\/pages"}],"about":[{"href":"http:\/\/balloonsbloom.ca\/fr\/wp-json\/wp\/v2\/types\/page"}],"author":[{"embeddable":true,"href":"http:\/\/balloonsbloom.ca\/fr\/wp-json\/wp\/v2\/users\/1"}],"replies":[{"embeddable":true,"href":"http:\/\/balloonsbloom.ca\/fr\/wp-json\/wp\/v2\/comments?post=120"}],"version-history":[{"count":17,"href":"http:\/\/balloonsbloom.ca\/fr\/wp-json\/wp\/v2\/pages\/120\/revisions"}],"predecessor-version":[{"id":232,"href":"http:\/\/balloonsbloom.ca\/fr\/wp-json\/wp\/v2\/pages\/120\/revisions\/232"}],"wp:attachment":[{"href":"http:\/\/balloonsbloom.ca\/fr\/wp-json\/wp\/v2\/media?parent=120"}],"curies":[{"name":"wp","href":"https:\/\/api.w.org\/{rel}","templated":true}]}}