{"id":125,"date":"2023-12-04T22:18:50","date_gmt":"2023-12-04T22:18:50","guid":{"rendered":"http:\/\/balloonsbloom.ca\/?page_id=125"},"modified":"2024-01-02T21:34:15","modified_gmt":"2024-01-02T21:34:15","slug":"services","status":"publish","type":"page","link":"http:\/\/balloonsbloom.ca\/fr\/services\/","title":{"rendered":"Nos Services"},"content":{"rendered":"<div class=\"wpb-content-wrapper\"><section data-vc-full-width=\"true\" data-vc-full-width-init=\"false\" class=\"vc_section event_sec vc_custom_1701716675630\"><div class=\"vc_row wpb_row vc_row-fluid\"><div class=\"wpb_column vc_column_container vc_col-sm-12\"><div class=\"vc_column-inner\"><div class=\"wpb_wrapper\"><h2 style=\"text-align: center\" class=\"vc_custom_heading vc_custom_1701728410194\" >Nos Services<\/h2><\/div><\/div><\/div><\/div><div class=\"vc_row wpb_row vc_row-fluid\"><div class=\"wpb_column vc_column_container vc_col-sm-12\"><div class=\"vc_column-inner\"><div class=\"wpb_wrapper\">     <div class=\"owl-carousel owl-theme tst_slider\">\n                   <div class=\"events_wrapper\">\n                <div class=\"rexer\">\n                    <div class=\"testi-thum\"><img loading=\"lazy\" decoding=\"async\" width=\"282\" height=\"303\" src=\"https:\/\/balloonsbloom.ca\/wp-content\/uploads\/2023\/12\/Group-9260.png\" class=\"attachment-post-thumbnail size-post-thumbnail wp-post-image\" alt=\"\" \/><\/div>\n                    <div class=\"event-wrapper\">\n                        <h4 class=\"events_title\">Remise des Dipl\u00f4mes<\/h4>\n                          <p>D\u00e9corations de ballons pour les c\u00e9r\u00e9monies de remise des dipl\u00f4mes et les f\u00eates<\/p>\n                          <a href=\"http:\/\/balloonsbloom.ca\/fr\/event\/graduations\/\">En savoir plus <i class=\"fa-solid fa-arrow-right\"><\/i><\/a>\n                    <\/div>\n                <\/div>\n            <\/div>\n                    <div class=\"events_wrapper\">\n                <div class=\"rexer\">\n                    <div class=\"testi-thum\"><img loading=\"lazy\" decoding=\"async\" width=\"282\" height=\"303\" src=\"https:\/\/balloonsbloom.ca\/wp-content\/uploads\/2023\/12\/Group-9261.png\" class=\"attachment-post-thumbnail size-post-thumbnail wp-post-image\" alt=\"\" \/><\/div>\n                    <div class=\"event-wrapper\">\n                        <h4 class=\"events_title\">Baby Showers<\/h4>\n                          <p>D\u00e9coration de ballons pour les r\u00e9v\u00e9lations de genre et les arrangements de ballons pour les baby \nshowers.<\/p>\n                          <a href=\"http:\/\/balloonsbloom.ca\/fr\/event\/baby-showers\/\">En savoir plus <i class=\"fa-solid fa-arrow-right\"><\/i><\/a>\n                    <\/div>\n                <\/div>\n            <\/div>\n                    <div class=\"events_wrapper\">\n                <div class=\"rexer\">\n                    <div class=\"testi-thum\"><img loading=\"lazy\" decoding=\"async\" width=\"282\" height=\"303\" src=\"https:\/\/balloonsbloom.ca\/wp-content\/uploads\/2023\/12\/Group-9257-2.png\" class=\"attachment-post-thumbnail size-post-thumbnail wp-post-image\" alt=\"\" \/><\/div>\n                    <div class=\"event-wrapper\">\n                        <h4 class=\"events_title\">Mariage<\/h4>\n                          <p>D\u00e9corations de ballons pour les c\u00e9r\u00e9monies de mariage, les r\u00e9ceptions et les \u00e9v\u00e9nements associ\u00e9s.<\/p>\n                          <a href=\"http:\/\/balloonsbloom.ca\/fr\/event\/festivals\/\">En savoir plus <i class=\"fa-solid fa-arrow-right\"><\/i><\/a>\n                    <\/div>\n                <\/div>\n            <\/div>\n                    <div class=\"events_wrapper\">\n                <div class=\"rexer\">\n                    <div class=\"testi-thum\"><img loading=\"lazy\" decoding=\"async\" width=\"282\" height=\"303\" src=\"https:\/\/balloonsbloom.ca\/wp-content\/uploads\/2023\/12\/Group-9260.png\" class=\"attachment-post-thumbnail size-post-thumbnail wp-post-image\" alt=\"\" \/><\/div>\n                    <div class=\"event-wrapper\">\n                        <h4 class=\"events_title\">Fonctions Corporatives<\/h4>\n                          <p>D\u00e9coration de ballons pour les fonctions corporatives, les conf\u00e9rences et les lancements de produits.<\/p>\n                          <a href=\"http:\/\/balloonsbloom.ca\/fr\/event\/event\/\">En savoir plus <i class=\"fa-solid fa-arrow-right\"><\/i><\/a>\n                    <\/div>\n                <\/div>\n            <\/div>\n                    <div class=\"events_wrapper\">\n                <div class=\"rexer\">\n                    <div class=\"testi-thum\"><img loading=\"lazy\" decoding=\"async\" width=\"282\" height=\"303\" src=\"https:\/\/balloonsbloom.ca\/wp-content\/uploads\/2023\/12\/Group-9261.png\" class=\"attachment-post-thumbnail size-post-thumbnail wp-post-image\" alt=\"\" \/><\/div>\n                    <div class=\"event-wrapper\">\n                        <h4 class=\"events_title\">F\u00eate d'Anniversaire<\/h4>\n                          <p>Arrangements de ballons personnalis\u00e9s pour les f\u00eates d'anniversaire de tous \u00e2ges.<\/p>\n                          <a href=\"http:\/\/balloonsbloom.ca\/fr\/event\/birthday\/\">En savoir plus <i class=\"fa-solid fa-arrow-right\"><\/i><\/a>\n                    <\/div>\n                <\/div>\n            <\/div>\n            <\/div>\n    \n\t<div class=\"wpb_text_column wpb_content_element  vc_custom_1701470385619\" >\n\t\t<div class=\"wpb_wrapper\">\n\t\t\t\n\n\t\t<\/div>\n\t<\/div>\n<\/div><\/div><\/div><\/div><\/section><div class=\"vc_row-full-width vc_clearfix\"><\/div><section data-vc-full-width=\"true\" data-vc-full-width-init=\"false\" class=\"vc_section make_comes vc_custom_1701472323453\"><div class=\"vc_row wpb_row vc_row-fluid\"><div class=\"makes_wrapper wpb_column vc_column_container vc_col-sm-7\"><div class=\"vc_column-inner\"><div class=\"wpb_wrapper\"><h2 style=\"text-align: left\" class=\"vc_custom_heading vc_custom_1704127433484\" >Ce qui r\u00e9alise<br \/>\nles r\u00eaves<\/h2>\n\t<div class=\"wpb_text_column wpb_content_element  vc_custom_1704127446397\" >\n\t\t<div class=\"wpb_wrapper\">\n\t\t\t<p style=\"text-align: left;\">Nous proposons une gamme de services li\u00e9s \u00e0 la d\u00e9coration et aux arrangements de ballons. Voici les \nservices couramment offerts par Balloons Bloom<\/p>\n\n\t\t<\/div>\n\t<\/div>\n<div class=\"vc_btn3-container  abou_bt vc_btn3-inline vc_custom_1702501804375\" ><a class=\"vc_general vc_btn3 vc_btn3-size-md vc_btn3-shape-square vc_btn3-style-modern vc_btn3-color-grey\" href=\"http:\/\/balloonsbloom.ca\/fr\/events-services\/\" title=\"\">En savoir plus<\/a><\/div><\/div><\/div><\/div><div class=\"wpb_column vc_column_container vc_col-sm-5\"><div class=\"vc_column-inner\"><div class=\"wpb_wrapper\"><div class=\"vc_row wpb_row vc_inner vc_row-fluid\"><div class=\"wpb_column vc_column_container vc_col-sm-6\"><div class=\"vc_column-inner\"><div class=\"wpb_wrapper\">\n\t<div  class=\"wpb_single_image wpb_content_element vc_align_left\">\n\t\t\n\t\t<figure class=\"wpb_wrapper vc_figure\">\n\t\t\t<div class=\"vc_single_image-wrapper   vc_box_border_grey\"><img loading=\"lazy\" decoding=\"async\" width=\"144\" height=\"150\" src=\"https:\/\/balloonsbloom.ca\/wp-content\/uploads\/2024\/01\/Group-9259-144x150.png\" class=\"vc_single_image-img attachment-thumbnail\" alt=\"\" title=\"Group 9259\" srcset=\"https:\/\/balloonsbloom.ca\/wp-content\/uploads\/2024\/01\/Group-9259-144x150.png 144w, https:\/\/balloonsbloom.ca\/wp-content\/uploads\/2024\/01\/Group-9259-11x12.png 11w\" sizes=\"auto, (max-width: 144px) 100vw, 144px\" \/><\/div>\n\t\t<\/figure>\n\t<\/div>\n<h4 style=\"text-align: left\" class=\"vc_custom_heading\" >D\u00e9coration de Ballons Personnalis\u00e9e<\/h4>\n\t<div class=\"wpb_text_column wpb_content_element\" >\n\t\t<div class=\"wpb_wrapper\">\n\t\t\t<p>Conception et cr\u00e9ation de d\u00e9corations de ballons personnalis\u00e9es pour divers \n\u00e9v\u00e9nements tels que mariages, anniversaires, fonctions corporatives, et plus encore.<\/p>\n\n\t\t<\/div>\n\t<\/div>\n<\/div><\/div><\/div><div class=\"wpb_column vc_column_container vc_col-sm-6\"><div class=\"vc_column-inner\"><div class=\"wpb_wrapper\">\n\t<div  class=\"wpb_single_image wpb_content_element vc_align_left\">\n\t\t\n\t\t<figure class=\"wpb_wrapper vc_figure\">\n\t\t\t<div class=\"vc_single_image-wrapper   vc_box_border_grey\"><img loading=\"lazy\" decoding=\"async\" width=\"144\" height=\"150\" src=\"https:\/\/balloonsbloom.ca\/wp-content\/uploads\/2024\/01\/Group-9260-144x150.png\" class=\"vc_single_image-img attachment-thumbnail\" alt=\"\" title=\"Group 9260\" srcset=\"https:\/\/balloonsbloom.ca\/wp-content\/uploads\/2024\/01\/Group-9260-144x150.png 144w, https:\/\/balloonsbloom.ca\/wp-content\/uploads\/2024\/01\/Group-9260-11x12.png 11w\" sizes=\"auto, (max-width: 144px) 100vw, 144px\" \/><\/div>\n\t\t<\/figure>\n\t<\/div>\n<h4 style=\"text-align: left\" class=\"vc_custom_heading\" >Bouquets de Ballons<\/h4>\n\t<div class=\"wpb_text_column wpb_content_element\" >\n\t\t<div class=\"wpb_wrapper\">\n\t\t\t<p>Confection et livraison de bouquets de ballons personnalis\u00e9s pour des occasions sp\u00e9ciales, des c\u00e9l\u00e9brations ou en tant que cadeaux.<\/p>\n\n\t\t<\/div>\n\t<\/div>\n<\/div><\/div><\/div><\/div><div class=\"vc_row wpb_row vc_inner vc_row-fluid\"><div class=\"wpb_column vc_column_container vc_col-sm-6\"><div class=\"vc_column-inner\"><div class=\"wpb_wrapper\">\n\t<div  class=\"wpb_single_image wpb_content_element vc_align_left\">\n\t\t\n\t\t<figure class=\"wpb_wrapper vc_figure\">\n\t\t\t<div class=\"vc_single_image-wrapper   vc_box_border_grey\"><img loading=\"lazy\" decoding=\"async\" width=\"144\" height=\"150\" src=\"https:\/\/balloonsbloom.ca\/wp-content\/uploads\/2024\/01\/Group-9261-144x150.png\" class=\"vc_single_image-img attachment-thumbnail\" alt=\"\" title=\"Group 9261\" srcset=\"https:\/\/balloonsbloom.ca\/wp-content\/uploads\/2024\/01\/Group-9261-144x150.png 144w, https:\/\/balloonsbloom.ca\/wp-content\/uploads\/2024\/01\/Group-9261-11x12.png 11w\" sizes=\"auto, (max-width: 144px) 100vw, 144px\" \/><\/div>\n\t\t<\/figure>\n\t<\/div>\n<h4 style=\"text-align: left\" class=\"vc_custom_heading\" >Centres de Table avec des Ballons<\/h4>\n\t<div class=\"wpb_text_column wpb_content_element\" >\n\t\t<div class=\"wpb_wrapper\">\n\t\t\t<p>Cr\u00e9ation d'arrangements de ballons pour les centres de table lors d'\u00e9v\u00e9nements et de \nf\u00eates.<\/p>\n\n\t\t<\/div>\n\t<\/div>\n<\/div><\/div><\/div><div class=\"wpb_column vc_column_container vc_col-sm-6\"><div class=\"vc_column-inner\"><div class=\"wpb_wrapper\">\n\t<div  class=\"wpb_single_image wpb_content_element vc_align_left\">\n\t\t\n\t\t<figure class=\"wpb_wrapper vc_figure\">\n\t\t\t<div class=\"vc_single_image-wrapper   vc_box_border_grey\"><img loading=\"lazy\" decoding=\"async\" width=\"144\" height=\"150\" src=\"https:\/\/balloonsbloom.ca\/wp-content\/uploads\/2024\/01\/Group-9262-144x150.png\" class=\"vc_single_image-img attachment-thumbnail\" alt=\"\" title=\"Group 9262\" srcset=\"https:\/\/balloonsbloom.ca\/wp-content\/uploads\/2024\/01\/Group-9262-144x150.png 144w, https:\/\/balloonsbloom.ca\/wp-content\/uploads\/2024\/01\/Group-9262-11x12.png 11w\" sizes=\"auto, (max-width: 144px) 100vw, 144px\" \/><\/div>\n\t\t<\/figure>\n\t<\/div>\n<h4 style=\"text-align: left\" class=\"vc_custom_heading\" >Arches et Colonnes de Ballons<\/h4>\n\t<div class=\"wpb_text_column wpb_content_element\" >\n\t\t<div class=\"wpb_wrapper\">\n\t\t\t<p>Conception d'arches d\u00e9coratives et de colonnes de ballons pour am\u00e9liorer les entr\u00e9es ou \ndes zones sp\u00e9cifiques lors d'\u00e9v\u00e9nements.<\/p>\n\n\t\t<\/div>\n\t<\/div>\n<\/div><\/div><\/div><\/div><\/div><\/div><\/div><\/div><\/section><div class=\"vc_row-full-width vc_clearfix\"><\/div>\n<\/div>","protected":false},"excerpt":{"rendered":"Arrangements de ballons personnalis\u00e9s pour les f\u00eates d'anniversaire de tous \u00e2ges.","protected":false},"author":1,"featured_media":0,"parent":0,"menu_order":0,"comment_status":"closed","ping_status":"closed","template":"fullwidth.php","meta":{"_acf_changed":false,"footnotes":""},"class_list":["post-125","page","type-page","status-publish","hentry"],"acf":[],"_links":{"self":[{"href":"http:\/\/balloonsbloom.ca\/fr\/wp-json\/wp\/v2\/pages\/125","targetHints":{"allow":["GET"]}}],"collection":[{"href":"http:\/\/balloonsbloom.ca\/fr\/wp-json\/wp\/v2\/pages"}],"about":[{"href":"http:\/\/balloonsbloom.ca\/fr\/wp-json\/wp\/v2\/types\/page"}],"author":[{"embeddable":true,"href":"http:\/\/balloonsbloom.ca\/fr\/wp-json\/wp\/v2\/users\/1"}],"replies":[{"embeddable":true,"href":"http:\/\/balloonsbloom.ca\/fr\/wp-json\/wp\/v2\/comments?post=125"}],"version-history":[{"count":13,"href":"http:\/\/balloonsbloom.ca\/fr\/wp-json\/wp\/v2\/pages\/125\/revisions"}],"predecessor-version":[{"id":255,"href":"http:\/\/balloonsbloom.ca\/fr\/wp-json\/wp\/v2\/pages\/125\/revisions\/255"}],"wp:attachment":[{"href":"http:\/\/balloonsbloom.ca\/fr\/wp-json\/wp\/v2\/media?parent=125"}],"curies":[{"name":"wp","href":"https:\/\/api.w.org\/{rel}","templated":true}]}}