{"id":196,"date":"2023-12-12T19:55:31","date_gmt":"2023-12-12T19:55:31","guid":{"rendered":"http:\/\/balloonsbloom.ca\/?page_id=196"},"modified":"2023-12-12T19:55:44","modified_gmt":"2023-12-12T19:55:44","slug":"content","status":"publish","type":"page","link":"http:\/\/balloonsbloom.ca\/fr\/content\/","title":{"rendered":"Content"},"content":{"rendered":"<div class=\"wpb-content-wrapper\"><section data-vc-full-width=\"true\" data-vc-full-width-init=\"false\" class=\"vc_section banner_content vc_custom_1702409759654\"><div class=\"vc_row wpb_row vc_row-fluid\"><div class=\"wpb_column vc_column_container vc_col-sm-12\"><div class=\"vc_column-inner\"><div class=\"wpb_wrapper\"><h2 style=\"text-align: center\" class=\"vc_custom_heading vc_custom_1702409286553\" >Pourquoi c\u00e9l\u00e9brer avec des ballons ?<\/h2>\n\t<div class=\"wpb_text_column wpb_content_element\" >\n\t\t<div class=\"wpb_wrapper\">\n\t\t\t<p>Les ballons sont plus que de simples d\u00e9corations color\u00e9es ; ce sont des symboles de joie,<br \/>\nde bonheur et de f\u00eate. Ils ont le pouvoir incroyable de transformer des espaces ordinaires en d\u00e9cors extraordinaires,<br \/>\ncr\u00e9ant une atmosph\u00e8re remplie de rires et d\u2019\u00e9nergie positive.<\/p>\n\n\t\t<\/div>\n\t<\/div>\n<\/div><\/div><\/div><\/div><div id=\"banner_text\" class=\"vc_row wpb_row vc_row-fluid\"><div class=\"wpb_column vc_column_container vc_col-sm-12\"><div class=\"vc_column-inner\"><div class=\"wpb_wrapper\"><h2 style=\"text-align: center\" class=\"vc_custom_heading vc_custom_1702409389480\" >Notre engagement envers vous<\/h2>\n\t<div class=\"wpb_text_column wpb_content_element\" >\n\t\t<div class=\"wpb_wrapper\">\n\t\t\t<p>Chez Balloons Bloom, nous ne nous contentons pas de concevoir des ballons ; notre m\u00e9tier est de cr\u00e9er des souvenirs.<br \/>\nNotre engagement est de rendre votre c\u00e9l\u00e9bration unique, refl\u00e9tant votre style,<br \/>\nvotre personnalit\u00e9 et l'essence de l'occasion.<\/p>\n\n\t\t<\/div>\n\t<\/div>\n<\/div><\/div><\/div><\/div><\/section><div class=\"vc_row-full-width vc_clearfix\"><\/div><div class=\"vc_row wpb_row vc_row-fluid\"><div class=\"wpb_column vc_column_container vc_col-sm-12\"><div class=\"vc_column-inner\"><div class=\"wpb_wrapper\"><h2 style=\"text-align: center\" class=\"vc_custom_heading vc_custom_1702409431304\" >Lib\u00e9rez votre imagination<\/h2>\n\t<div class=\"wpb_text_column wpb_content_element\" >\n\t\t<div class=\"wpb_wrapper\">\n\t\t\t<p>Imaginez un monde o\u00f9 vos id\u00e9es prennent leur envol \u2013 o\u00f9 les ballons deviennent la toile de vos r\u00eaves.<br \/>\nNotre \u00e9quipe d'artistes de ballons talentueux est l\u00e0 pour transformer votre imagination en r\u00e9alit\u00e9.<br \/>\nQue vous envisagiez un mariage \u00e9l\u00e9gant, une f\u00eate d\u2019anniversaire fantaisiste ou un \u00e9v\u00e9nement d\u2019entreprise plein de style, nous sommes<br \/>\npr\u00eats \u00e0 donner vie \u00e0 votre vision.<\/p>\n\n\t\t<\/div>\n\t<\/div>\n<\/div><\/div><\/div><\/div><div id=\"banner_text\" class=\"vc_row wpb_row vc_row-fluid\"><div class=\"wpb_column vc_column_container vc_col-sm-12\"><div class=\"vc_column-inner\"><div class=\"wpb_wrapper\"><h2 style=\"text-align: center\" class=\"vc_custom_heading vc_custom_1702409543960\" >\u00c9l\u00e9gance Sur Mesure, \u00c0 Chaque Fois<\/h2>\n\t<div class=\"wpb_text_column wpb_content_element\" >\n\t\t<div class=\"wpb_wrapper\">\n\t\t\t<p>Ce qui distingue Balloons Bloom, c'est notre engagement \u00e0 offrir non seulement des ballons,<br \/>\nmais une exp\u00e9rience. Chaque design est con\u00e7u avec pr\u00e9cision, utilisant des ballons de haute qualit\u00e9 et une touche artistique.<\/p>\n<p>Des bouquets de ballons aux installations \u00e9labor\u00e9es, nous sommes fiers d'adapter nos cr\u00e9ations \u00e0 votre go\u00fbt et \u00e0 l'unicit\u00e9 de votre \u00e9v\u00e9nement.<\/p>\n\n\t\t<\/div>\n\t<\/div>\n<\/div><\/div><\/div><\/div><div class=\"vc_row wpb_row vc_row-fluid\"><div class=\"wpb_column vc_column_container vc_col-sm-12\"><div class=\"vc_column-inner\"><div class=\"wpb_wrapper\"><h2 style=\"text-align: center\" class=\"vc_custom_heading vc_custom_1702409627935\" >Commen\u00e7ons la Planification !<\/h2>\n\t<div class=\"wpb_text_column wpb_content_element\" >\n\t\t<div class=\"wpb_wrapper\">\n\t\t\t<p>Pr\u00eat \u00e0 vous lancer dans un voyage rempli de ballons ? Commen\u00e7ons la planification de votre c\u00e9l\u00e9bration !<br \/>\nQue vous ayez un th\u00e8me sp\u00e9cifique en t\u00eate ou ayez besoin d'inspiration cr\u00e9ative,<br \/>\nnotre \u00e9quipe est l\u00e0 pour collaborer avec vous. Nous croyons que chaque occasion m\u00e9rite d'\u00eatre c\u00e9l\u00e9br\u00e9e avec style, et nous sommes ravis d'en faire partie.<\/p>\n\n\t\t<\/div>\n\t<\/div>\n<\/div><\/div><\/div><\/div>\n<\/div>","protected":false},"excerpt":{"rendered":"Why Celebrate With Balloons? Balloons are more than just colorful decorations; they are symbols of joy, happiness, and festivity. They have the incredible power to turn ordinary spaces into extraordinary settings, creating an atmosphere filled with laughter and positive energy. Our Commitment to You At Balloons Bloom, we're not just in the business of balloon [...]","protected":false},"author":1,"featured_media":0,"parent":0,"menu_order":0,"comment_status":"closed","ping_status":"closed","template":"fullwidth.php","meta":{"_acf_changed":false,"footnotes":""},"class_list":["post-196","page","type-page","status-publish","hentry"],"acf":[],"_links":{"self":[{"href":"http:\/\/balloonsbloom.ca\/fr\/wp-json\/wp\/v2\/pages\/196","targetHints":{"allow":["GET"]}}],"collection":[{"href":"http:\/\/balloonsbloom.ca\/fr\/wp-json\/wp\/v2\/pages"}],"about":[{"href":"http:\/\/balloonsbloom.ca\/fr\/wp-json\/wp\/v2\/types\/page"}],"author":[{"embeddable":true,"href":"http:\/\/balloonsbloom.ca\/fr\/wp-json\/wp\/v2\/users\/1"}],"replies":[{"embeddable":true,"href":"http:\/\/balloonsbloom.ca\/fr\/wp-json\/wp\/v2\/comments?post=196"}],"version-history":[{"count":1,"href":"http:\/\/balloonsbloom.ca\/fr\/wp-json\/wp\/v2\/pages\/196\/revisions"}],"predecessor-version":[{"id":197,"href":"http:\/\/balloonsbloom.ca\/fr\/wp-json\/wp\/v2\/pages\/196\/revisions\/197"}],"wp:attachment":[{"href":"http:\/\/balloonsbloom.ca\/fr\/wp-json\/wp\/v2\/media?parent=196"}],"curies":[{"name":"wp","href":"https:\/\/api.w.org\/{rel}","templated":true}]}}