{"id":134,"date":"2023-12-04T22:35:36","date_gmt":"2023-12-04T22:35:36","guid":{"rendered":"http:\/\/balloonsbloom.ca\/?page_id=134"},"modified":"2024-01-23T02:11:47","modified_gmt":"2024-01-23T02:11:47","slug":"contact-us","status":"publish","type":"page","link":"https:\/\/balloonsbloom.ca\/fr\/contact-us\/","title":{"rendered":"Contactez-nous"},"content":{"rendered":"<div class=\"wpb-content-wrapper\"><section data-vc-full-width=\"true\" data-vc-full-width-init=\"false\" class=\"vc_section sec_contact_us vc_custom_1704831834104\"><div class=\"vc_row wpb_row vc_row-fluid vc_custom_1704490770354\"><div class=\"wpb_column vc_column_container vc_col-sm-12\"><div class=\"vc_column-inner\"><div class=\"wpb_wrapper\"><h1 style=\"text-align: center\" class=\"vc_custom_heading contact-heading vc_custom_1702402357136\" >Contactez-Nous Aujourd'hui<\/h1>\n\t<div class=\"wpb_text_column wpb_content_element  vc_custom_1702402460639\" >\n\t\t<div class=\"wpb_wrapper\">\n\t\t\t<p style=\"text-align: center;\">Nous serions ravis de faire partie de votre prochaine c\u00e9l\u00e9bration ! Contactez-nous pour discuter de vos \nid\u00e9es,<br \/>\ndemander un devis ou planifier une consultation.<br \/>\nTransformons vos r\u00eaves en une r\u00e9alit\u00e9 remplie \nde ballons !<\/p>\n<p style=\"text-align: center;\">Merci de consid\u00e9rer Balloons Bloom pour vos moments sp\u00e9ciaux. Nous sommes impatients de participer \n\u00e0 votre c\u00e9l\u00e9bration !<\/p>\n\n\t\t<\/div>\n\t<\/div>\n<\/div><\/div><\/div><\/div><div class=\"vc_row wpb_row vc_row-fluid contact_inwrrap vc_custom_1704490667914 vc_row-o-content-middle vc_row-flex\"><div class=\"wpb_column vc_column_container vc_col-sm-12\"><div class=\"vc_column-inner\"><div class=\"wpb_wrapper\"><h2 style=\"text-align: center\" class=\"vc_custom_heading vc_custom_1701727679284\" >Contactez-nous<\/h2>\n\t<div class=\"wpb_text_column wpb_content_element\" >\n\t\t<div class=\"wpb_wrapper\">\n\t\t\t\n<div class=\"wpcf7 no-js\" id=\"wpcf7-f272-o1\" lang=\"en-US\" dir=\"ltr\" data-wpcf7-id=\"272\">\n<div class=\"screen-reader-response\"><p role=\"status\" aria-live=\"polite\" aria-atomic=\"true\"><\/p> <ul><\/ul><\/div>\n<form action=\"\/fr\/wp-json\/wp\/v2\/pages\/134#wpcf7-f272-o1\" method=\"post\" class=\"wpcf7-form init\" aria-label=\"Contact form\" novalidate=\"novalidate\" data-status=\"init\" data-trp-original-action=\"\/fr\/wp-json\/wp\/v2\/pages\/134#wpcf7-f272-o1\">\n<fieldset class=\"hidden-fields-container\"><input type=\"hidden\" name=\"_wpcf7\" value=\"272\" \/><input type=\"hidden\" name=\"_wpcf7_version\" value=\"6.1.4\" \/><input type=\"hidden\" name=\"_wpcf7_locale\" value=\"en_US\" \/><input type=\"hidden\" name=\"_wpcf7_unit_tag\" value=\"wpcf7-f272-o1\" \/><input type=\"hidden\" name=\"_wpcf7_container_post\" value=\"0\" \/><input type=\"hidden\" name=\"_wpcf7_posted_data_hash\" value=\"\" \/>\n<\/fieldset>\n<div class=\"contact_form\">\n\t<div class=\"form_box\">\n\t\t<p><label>Nom et pr\u00e9nom<\/label><br \/>\n<span class=\"wpcf7-form-control-wrap\" data-name=\"ful-name\"><input size=\"40\" maxlength=\"400\" class=\"wpcf7-form-control wpcf7-text wpcf7-validates-as-required\" aria-required=\"true\" aria-invalid=\"false\" placeholder=\"Nom et pr\u00e9nom\" value=\"\" type=\"text\" name=\"ful-name\" \/><\/span>\n\t\t<\/p>\n\t<\/div>\n\t<div class=\"form_box\">\n\t\t<p><label>Courriel<\/label><br \/>\n<span class=\"wpcf7-form-control-wrap\" data-name=\"e-mail\"><input size=\"40\" maxlength=\"400\" class=\"wpcf7-form-control wpcf7-email wpcf7-validates-as-required wpcf7-text wpcf7-validates-as-email\" aria-required=\"true\" aria-invalid=\"false\" placeholder=\"e.g.myemail@email.com\" value=\"\" type=\"email\" name=\"e-mail\" \/><\/span>\n\t\t<\/p>\n\t<\/div>\n\t<div class=\"form_box\">\n\t\t<p><label>T\u00e9l\u00e9phone<\/label><br \/>\n<span class=\"wpcf7-form-control-wrap\" data-name=\"phone-number\"><input size=\"40\" maxlength=\"400\" class=\"wpcf7-form-control wpcf7-tel wpcf7-text wpcf7-validates-as-tel\" aria-invalid=\"false\" placeholder=\"e.g.5414440755\" value=\"\" type=\"tel\" name=\"phone-number\" \/><\/span>\n\t\t<\/p>\n\t<\/div>\n\t<div class=\"form_box\">\n\t\t<p><label>Date de l'\u00e9v\u00e9nement<\/label><br \/>\n<span class=\"wpcf7-form-control-wrap\" data-name=\"event-date\"><input class=\"wpcf7-form-control wpcf7-date wpcf7-validates-as-date\" aria-invalid=\"false\" placeholder=\"Date de l&#039;\u00e9v\u00e9nement\" value=\"\" type=\"date\" name=\"event-date\" \/><\/span>\n\t\t<\/p>\n\t<\/div>\n\t<div class=\"form_box\">\n\t\t<p><label>Heure de d\u00e9but<\/label><br \/>\n<span class=\"wpcf7-form-control-wrap\" data-name=\"begin-time\"><input size=\"40\" maxlength=\"400\" class=\"wpcf7-form-control wpcf7-text walcf7-timepicker\" aria-invalid=\"false\" placeholder=\"2:00 PM\" value=\"\" type=\"text\" name=\"begin-time\" \/><\/span>\n\t\t<\/p>\n\t<\/div>\n\t<div class=\"form_box\">\n\t\t<p><label>Heure de fin<\/label><br \/>\n<span class=\"wpcf7-form-control-wrap\" data-name=\"end-time\"><input size=\"40\" maxlength=\"400\" class=\"wpcf7-form-control wpcf7-text walcf7-timepicker\" aria-invalid=\"false\" placeholder=\"6:00 PM\" value=\"\" type=\"text\" name=\"end-time\" \/><\/span>\n\t\t<\/p>\n\t<\/div>\n\t<div class=\"form_box\">\n\t\t<p><label>Adresse<\/label><br \/>\n<span class=\"wpcf7-form-control-wrap\" data-name=\"text-757\"><input size=\"40\" maxlength=\"400\" class=\"wpcf7-form-control wpcf7-text wpcf7-validates-as-required adr\" aria-required=\"true\" aria-invalid=\"false\" placeholder=\"E.g. 742 Evergreen Terrace, Springfield\" value=\"\" type=\"text\" name=\"text-757\" \/><\/span>\n\t\t<\/p>\n\t<\/div>\n\t<div class=\"form_box\">\n\t\t<p><label>Quel type d'\u00e9v\u00e9nement planifiez-vous?<\/label><br \/>\n<span class=\"wpcf7-form-control-wrap\" data-name=\"menu-644\"><select class=\"wpcf7-form-control wpcf7-select wpcf7-validates-as-required\" aria-required=\"true\" aria-invalid=\"false\" name=\"menu-644\"><option value=\"Select an option\">s\u00e9lectionnez une option<\/option><option value=\"Baby Shower\">Baby Shower<\/option><option value=\"Birthday\">F\u00eate d'Anniversaire<\/option><option value=\"Bridal Shower\">Bridal Shower<\/option><option value=\"Family Gathering\">Family Gathering<\/option><option value=\"Gender Reveal\">Gender Reveal<\/option><option value=\"Picnic\">Picnic<\/option><option value=\"Wedding\">Wedding<\/option><option value=\"Other\">Autre<\/option><\/select><\/span>\n\t\t<\/p>\n\t<\/div>\n\t<div class=\"form_box\">\n\t\t<p><label>Comment avez-vous entendu parler de nous<\/label><br \/>\n<span class=\"wpcf7-form-control-wrap\" data-name=\"aboutus\"><select class=\"wpcf7-form-control wpcf7-select wpcf7-validates-as-required\" aria-required=\"true\" aria-invalid=\"false\" name=\"aboutus\"><option value=\"Select an option\">s\u00e9lectionnez une option<\/option><option value=\"Returning Client\">Returning Client<\/option><option value=\"Facebook\">Facebook<\/option><option value=\"Instagram\">Instagram<\/option><option value=\"Google search\">Google search<\/option><\/select><\/span>\n\t\t<\/p>\n\t<\/div>\n\t<div class=\"form_box\">\n\t\t<p><label>Parlez-nous davantage de cet \u00e9v\u00e9nement.<\/label><br \/>\n<span class=\"wpcf7-form-control-wrap\" data-name=\"textblock\"><textarea cols=\"40\" rows=\"10\" maxlength=\"2000\" class=\"wpcf7-form-control wpcf7-textarea\" aria-invalid=\"false\" name=\"textblock\"><\/textarea><\/span>\n\t\t<\/p>\n\t<\/div>\n\t<p><input class=\"wpcf7-form-control wpcf7-submit has-spinner form-btn\" id=\"Send\" type=\"submit\" value=\"Envoyer\" \/>\n\t<\/p>\n<\/div><div class=\"wpcf7-response-output\" aria-hidden=\"true\"><\/div>\n<input type=\"hidden\" name=\"trp-form-language\" value=\"fr\"\/><\/form>\n<\/div>\n\n\n\t\t<\/div>\n\t<\/div>\n<\/div><\/div><\/div><\/div><div data-vc-full-width=\"true\" data-vc-full-width-init=\"false\" class=\"vc_row wpb_row vc_row-fluid location_row vc_custom_1704831654881\"><div class=\"wpb_column vc_column_container vc_col-sm-7\"><div class=\"vc_column-inner\"><div class=\"wpb_wrapper\"><div class=\"wpb_gmaps_widget wpb_content_element\"><div class=\"wpb_wrapper\"><div class=\"wpb_map_wraper\"><iframe src=\"https:\/\/www.google.com\/maps\/embed?pb=!1m14!1m12!1m3!1d296644.37295408704!2d-73.87016301416854!3d45.507753757179024!2m3!1f0!2f0!3f0!3m2!1i1024!2i768!4f13.1!5e0!3m2!1sen!2sca!4v1705975794454!5m2!1sen!2sca\" width=\"600\" height=\"450\" style=\"border:0;\" allowfullscreen=\"\" loading=\"lazy\" referrerpolicy=\"no-referrer-when-downgrade\"><\/iframe><\/div><\/div><\/div><\/div><\/div><\/div><div class=\"wpb_column vc_column_container vc_col-sm-5\"><div class=\"vc_column-inner\"><div class=\"wpb_wrapper\">\n\t<div class=\"wpb_text_column wpb_content_element  address_wrap\" >\n\t\t<div class=\"wpb_wrapper\">\n\t\t\t<ul>\n<li><a href=\"tel:(514-651-1041)\">514-651-1041<\/a><\/li>\n<li><a href=\"mailto:bbinfo@balloonsbloom.ca\">bbinfo@balloonsbloom.ca<\/a><\/li>\n<\/ul>\n\n\t\t<\/div>\n\t<\/div>\n<\/div><\/div><\/div><\/div><div class=\"vc_row-full-width vc_clearfix\"><\/div><\/section><div class=\"vc_row-full-width vc_clearfix\"><\/div>\n<\/div>","protected":false},"excerpt":{"rendered":"Contact Us Today Connect with us to discuss your ideas, request a quote, or simply share your excitement about the upcoming celebration. At Balloons Bloom, we're not just creating balloon arrangements; we're creating moments that last a lifetime. Thank you for considering us to be a part of your special day. Let the celebration begin! [...]","protected":false},"author":1,"featured_media":0,"parent":0,"menu_order":0,"comment_status":"closed","ping_status":"closed","template":"fullwidth.php","meta":{"_acf_changed":false,"footnotes":""},"class_list":["post-134","page","type-page","status-publish","hentry"],"acf":[],"_links":{"self":[{"href":"https:\/\/balloonsbloom.ca\/fr\/wp-json\/wp\/v2\/pages\/134","targetHints":{"allow":["GET"]}}],"collection":[{"href":"https:\/\/balloonsbloom.ca\/fr\/wp-json\/wp\/v2\/pages"}],"about":[{"href":"https:\/\/balloonsbloom.ca\/fr\/wp-json\/wp\/v2\/types\/page"}],"author":[{"embeddable":true,"href":"https:\/\/balloonsbloom.ca\/fr\/wp-json\/wp\/v2\/users\/1"}],"replies":[{"embeddable":true,"href":"https:\/\/balloonsbloom.ca\/fr\/wp-json\/wp\/v2\/comments?post=134"}],"version-history":[{"count":36,"href":"https:\/\/balloonsbloom.ca\/fr\/wp-json\/wp\/v2\/pages\/134\/revisions"}],"predecessor-version":[{"id":356,"href":"https:\/\/balloonsbloom.ca\/fr\/wp-json\/wp\/v2\/pages\/134\/revisions\/356"}],"wp:attachment":[{"href":"https:\/\/balloonsbloom.ca\/fr\/wp-json\/wp\/v2\/media?parent=134"}],"curies":[{"name":"wp","href":"https:\/\/api.w.org\/{rel}","templated":true}]}}